{"id":446,"date":"2017-06-24T15:19:41","date_gmt":"2017-06-24T15:19:41","guid":{"rendered":"https:\/\/npm.org\/?page_id=446"},"modified":"2025-02-18T14:58:50","modified_gmt":"2025-02-18T19:58:50","slug":"npm-awards","status":"publish","type":"page","link":"http:\/\/npm.org\/es\/about\/npm-awards\/","title":{"rendered":"Premios NPM"},"content":{"rendered":"<div data-elementor-type=\"wp-page\" data-elementor-id=\"446\" class=\"elementor elementor-446\" data-elementor-post-type=\"page\">\n\t\t\t\t\t\t<section class=\"elementor-section elementor-top-section elementor-element elementor-element-f27c909 elementor-section-boxed elementor-section-height-default elementor-section-height-default\" data-id=\"f27c909\" data-element_type=\"section\" data-e-type=\"section\">\n\t\t\t\t\t\t<div class=\"elementor-container elementor-column-gap-default\">\n\t\t\t\t\t<div class=\"elementor-column elementor-col-33 elementor-top-column elementor-element elementor-element-4bbd98f\" data-id=\"4bbd98f\" data-element_type=\"column\" data-e-type=\"column\">\n\t\t\t<div class=\"elementor-widget-wrap elementor-element-populated\">\n\t\t\t\t\t\t<div class=\"elementor-element elementor-element-4338a35 elementor-widget elementor-widget-image\" data-id=\"4338a35\" data-element_type=\"widget\" data-e-type=\"widget\" data-widget_type=\"image.default\">\n\t\t\t\t<div class=\"elementor-widget-container\">\n\t\t\t\t\t\t\t\t\t\t\t\t\t\t\t\t<a href=\"https:\/\/npm.org\/es\/certificate-recipients-cantor\/\">\n\t\t\t\t\t\t\t<img fetchpriority=\"high\" decoding=\"async\" width=\"860\" height=\"860\" src=\"https:\/\/npm.org\/wp-content\/uploads\/Awards-button_Cantor-certificate-recipients-1024x1024.png\" class=\"attachment-large size-large wp-image-15951\" alt=\"\" srcset=\"https:\/\/npm.org\/wp-content\/uploads\/Awards-button_Cantor-certificate-recipients-1024x1024.png 1024w, https:\/\/npm.org\/wp-content\/uploads\/Awards-button_Cantor-certificate-recipients-300x300.png 300w, https:\/\/npm.org\/wp-content\/uploads\/Awards-button_Cantor-certificate-recipients-150x150.png 150w, https:\/\/npm.org\/wp-content\/uploads\/Awards-button_Cantor-certificate-recipients-768x768.png 768w, https:\/\/npm.org\/wp-content\/uploads\/Awards-button_Cantor-certificate-recipients-12x12.png 12w, https:\/\/npm.org\/wp-content\/uploads\/Awards-button_Cantor-certificate-recipients-260x260.png 260w, https:\/\/npm.org\/wp-content\/uploads\/Awards-button_Cantor-certificate-recipients.png 1080w\" sizes=\"(max-width: 860px) 100vw, 860px\" \/>\t\t\t\t\t\t\t\t<\/a>\n\t\t\t\t\t\t\t\t\t\t\t\t\t\t\t<\/div>\n\t\t\t\t<\/div>\n\t\t\t\t\t<\/div>\n\t\t<\/div>\n\t\t\t\t<div class=\"elementor-column elementor-col-33 elementor-top-column elementor-element elementor-element-a1f24d8\" data-id=\"a1f24d8\" data-element_type=\"column\" data-e-type=\"column\">\n\t\t\t<div class=\"elementor-widget-wrap elementor-element-populated\">\n\t\t\t\t\t\t<div class=\"elementor-element elementor-element-b5bfcd9 elementor-widget elementor-widget-image\" data-id=\"b5bfcd9\" data-element_type=\"widget\" data-e-type=\"widget\" data-widget_type=\"image.default\">\n\t\t\t\t<div class=\"elementor-widget-container\">\n\t\t\t\t\t\t\t\t\t\t\t\t\t\t\t\t<a href=\"https:\/\/npm.org\/es\/organ-certificate\/\">\n\t\t\t\t\t\t\t<img decoding=\"async\" width=\"860\" height=\"860\" src=\"https:\/\/npm.org\/wp-content\/uploads\/Awards-button_Organ-certificate-recipients-1024x1024.png\" class=\"attachment-large size-large wp-image-15952\" alt=\"\" srcset=\"https:\/\/npm.org\/wp-content\/uploads\/Awards-button_Organ-certificate-recipients-1024x1024.png 1024w, https:\/\/npm.org\/wp-content\/uploads\/Awards-button_Organ-certificate-recipients-300x300.png 300w, https:\/\/npm.org\/wp-content\/uploads\/Awards-button_Organ-certificate-recipients-150x150.png 150w, https:\/\/npm.org\/wp-content\/uploads\/Awards-button_Organ-certificate-recipients-768x768.png 768w, https:\/\/npm.org\/wp-content\/uploads\/Awards-button_Organ-certificate-recipients-12x12.png 12w, https:\/\/npm.org\/wp-content\/uploads\/Awards-button_Organ-certificate-recipients-260x260.png 260w, https:\/\/npm.org\/wp-content\/uploads\/Awards-button_Organ-certificate-recipients.png 1080w\" sizes=\"(max-width: 860px) 100vw, 860px\" \/>\t\t\t\t\t\t\t\t<\/a>\n\t\t\t\t\t\t\t\t\t\t\t\t\t\t\t<\/div>\n\t\t\t\t<\/div>\n\t\t\t\t\t<\/div>\n\t\t<\/div>\n\t\t\t\t<div class=\"elementor-column elementor-col-33 elementor-top-column elementor-element elementor-element-95acd10\" data-id=\"95acd10\" data-element_type=\"column\" data-e-type=\"column\">\n\t\t\t<div class=\"elementor-widget-wrap elementor-element-populated\">\n\t\t\t\t\t\t<div class=\"elementor-element elementor-element-b99c0ec elementor-widget elementor-widget-image\" data-id=\"b99c0ec\" data-element_type=\"widget\" data-e-type=\"widget\" data-widget_type=\"image.default\">\n\t\t\t\t<div class=\"elementor-widget-container\">\n\t\t\t\t\t\t\t\t\t\t\t\t\t\t\t\t<a href=\"https:\/\/npm.org\/es\/pianists-certification\/\">\n\t\t\t\t\t\t\t<img decoding=\"async\" width=\"860\" height=\"860\" src=\"https:\/\/npm.org\/wp-content\/uploads\/Awards-button_Piano-certificate-recipients-1-1024x1024.png\" class=\"attachment-large size-large wp-image-16260\" alt=\"\" srcset=\"https:\/\/npm.org\/wp-content\/uploads\/Awards-button_Piano-certificate-recipients-1-1024x1024.png 1024w, https:\/\/npm.org\/wp-content\/uploads\/Awards-button_Piano-certificate-recipients-1-300x300.png 300w, https:\/\/npm.org\/wp-content\/uploads\/Awards-button_Piano-certificate-recipients-1-150x150.png 150w, https:\/\/npm.org\/wp-content\/uploads\/Awards-button_Piano-certificate-recipients-1-768x768.png 768w, https:\/\/npm.org\/wp-content\/uploads\/Awards-button_Piano-certificate-recipients-1-12x12.png 12w, https:\/\/npm.org\/wp-content\/uploads\/Awards-button_Piano-certificate-recipients-1-260x260.png 260w, https:\/\/npm.org\/wp-content\/uploads\/Awards-button_Piano-certificate-recipients-1.png 1080w\" sizes=\"(max-width: 860px) 100vw, 860px\" \/>\t\t\t\t\t\t\t\t<\/a>\n\t\t\t\t\t\t\t\t\t\t\t\t\t\t\t<\/div>\n\t\t\t\t<\/div>\n\t\t\t\t\t<\/div>\n\t\t<\/div>\n\t\t\t\t\t<\/div>\n\t\t<\/section>\n\t\t\t\t<section class=\"elementor-section elementor-top-section elementor-element elementor-element-12a891d3 elementor-section-boxed elementor-section-height-default elementor-section-height-default\" data-id=\"12a891d3\" data-element_type=\"section\" data-e-type=\"section\">\n\t\t\t\t\t\t<div class=\"elementor-container elementor-column-gap-default\">\n\t\t\t\t\t<div class=\"elementor-column elementor-col-100 elementor-top-column elementor-element elementor-element-531acc7f\" data-id=\"531acc7f\" data-element_type=\"column\" data-e-type=\"column\">\n\t\t\t<div class=\"elementor-widget-wrap elementor-element-populated\">\n\t\t\t\t\t\t<div class=\"elementor-element elementor-element-818cd7a elementor-widget-divider--view-line elementor-widget elementor-widget-divider\" data-id=\"818cd7a\" data-element_type=\"widget\" data-e-type=\"widget\" data-widget_type=\"divider.default\">\n\t\t\t\t<div class=\"elementor-widget-container\">\n\t\t\t\t\t\t\t<div class=\"elementor-divider\">\n\t\t\t<span class=\"elementor-divider-separator\">\n\t\t\t\t\t\t<\/span>\n\t\t<\/div>\n\t\t\t\t\t\t<\/div>\n\t\t\t\t<\/div>\n\t\t\t\t<div class=\"elementor-element elementor-element-354adb16 elementor-widget elementor-widget-text-editor\" data-id=\"354adb16\" data-element_type=\"widget\" data-e-type=\"widget\" data-widget_type=\"text-editor.default\">\n\t\t\t\t<div class=\"elementor-widget-container\">\n\t\t\t\t\t\t\t\t\t<p><\/p>\n<p>\u00a0<\/p>\n<h3><strong>Premio Jubilate Deo <\/strong><\/h3>\n<p>Dado en reconocimiento a una contribuci\u00f3n sustancial al desarrollo de la liturgia pastoral en los Estados Unidos.<\/p>\n<p>2024 \u2013 Cardenal Gregory de Wilton<br \/>2023 \u2013 Paul F. Ford<br \/>2022 \u2013 Joyce Ann Zimmerman, C.PP.S.<br \/>2021: John F. Baldovin, SJ<br \/>2020 - Elaine Rendler-McQueeney<\/p>\n<p>2019 - Hna. Judith Kubicki, CSSF<br \/>2018 - Padre Columba Kelly, OSB<br \/>2017 - Dr. Gordon Truitt<br \/>2016 - Cardenal Daniel N. DiNardo<br \/>2015 - John D. Witvliet<br \/>2014 - Paul Westermeyer<br \/>2013 - Paul Turner<br \/>2012 - Kevin W. Irwin 2011 - Jesuitas de San Luis<br \/>2010 - Kathleen Hughes, RSCJ<\/p>\n<p>2009 - Raymond G. East<br \/>2008 - Clarence Joseph Rufus Rivers<br \/>2007 - Jan Michael Joncas<br \/>2006 - Jacques Berthier y la Comunidad de Taiz\u00e9<br \/>2005 - Carol Doran 2004 - Frederick R. McManus<br \/>2003 - Edward Foley, CAPUCH\u00cdN<br \/>2002 - Lawrence Heiman, CPPS<br \/>2001 - Virgil C. Funk<br \/>2000 - Mary Collins, OSB<\/p>\n<p>1999 - Roger Cardinal Mahony<br \/>1998 - Suzanne Toolan, RSM<br \/>1997 - Rembert Weakland, OSB<br \/>1996 - Joseph Gelineau, SJ<\/p>\n<h3><strong>M\u00fasico pastoral del a\u00f1o<\/strong><\/h3>\n<p>Otorgado a un m\u00fasico pastoral que ejemplifica lo mejor de la NGP, alguien que ha dado testimonio o promoci\u00f3n sustancial del papel de la m\u00fasica pastoral en la vida parroquial, diocesana o institucional.<\/p>\n<p>2024 \u2013 Paul French<br \/>2023 \u2013 Dra. Jennifer Pascual<br \/>2022 \u2013 Pedro Kolar<br \/>2021 - Richard Cheri\u00a0<br \/>2020 - Tom Stehle<\/p>\n<p>2019 - Gary Daigle<br \/>2018 - Padre Ricky Manalo, CSP<br \/>2017 - Robert y Rita Schaffer (p\u00f3stumamente)<br \/>2016 - Jaime Cortez<br \/>2015 - Michel Guimont<br \/>2014 - Rory Cooney<br \/>2013 - Howard Hughes, SM<br \/>2012 - Christopher Walker<br \/>2011 - Mary Jo Quinn, SCL<br \/>2010 - Bob Hurd<\/p>\n<p>2009 - Paul Inwood<br \/>2008 - Anthony J. DiCello<br \/>2008 - Mary Prete<br \/>2008 - Steven C. Warner<br \/>2007 - Marty Haugen<br \/>2006 - Owen Alstott<br \/>2006 - James Chepponis<br \/>2006 - Bernadette Farrell<br \/>2006 - Fred Moleck<br \/>2005 - Marie Kremer<br \/>2004 - Lee Gwozdz<br \/>2004 - Puerto de Rawn<br \/>2003 - John A. Romeri<br \/>2002 - Mary Alice O&#039;Connor, CSJ<br \/>2002 - Mary Frances Reza<br \/>2002 - James Savage<br \/>2001 - Frank Brownstead<br \/>2000 - Robert Batastini<br \/>2000 - Eugene Englert<br \/>2000 - Camille Mart\u00ednez, SEC<br \/>2000 - John Schiavone<\/p>\n<p>1999 - Richard P. Gibala<br \/>1998 - Oliver Douberly<br \/>1999 - Charles Gardner<br \/>1998 - Patricia McCollam<br \/>1998 - Joan Tabat, OSF<br \/>1997 - Robert Kreutz<br \/>1995 - Richard Proulx<br \/>1994 - Ronald Krisman<br \/>1993 - Elaine Rendler<br \/>1992 - Lucien Deiss, CSSP<br \/>1991 - C. Alexander Peloquin<br \/>1989 - Ralph Keifer<br \/>1987 - Eugene Walsh, SS<br \/>1985 - Omer Westendorf<br \/>1983 - Jane Marie Perrot, DC<\/p>\n<p><em>nota: David Haas fue galardonado con el premio M\u00fasico Pastoral del A\u00f1o en 2004, pero fue rescindido en 2020. Para obtener m\u00e1s informaci\u00f3n,<a href=\"https:\/\/npm.org\/wp-content\/uploads\/Statement-of-NPM-on-David-Haas-2020July3.pdf\" target=\"_blank\" rel=\"noopener noreferrer\"> leer el comunicado de la Asociaci\u00f3n Nacional de M\u00fasicos Pastorales<\/a>, lanzado el 3 de julio de 2020.<\/em><\/p>\n<p><\/p>\t\t\t\t\t\t\t\t<\/div>\n\t\t\t\t<\/div>\n\t\t\t\t\t<\/div>\n\t\t<\/div>\n\t\t\t\t\t<\/div>\n\t\t<\/section>\n\t\t\t\t<\/div>","protected":false},"excerpt":{"rendered":"","protected":false},"author":6628,"featured_media":0,"parent":21,"menu_order":0,"comment_status":"closed","ping_status":"closed","template":"","meta":{"_acf_changed":false,"footnotes":""},"class_list":["post-446","page","type-page","status-publish","hentry"],"acf":[],"_links":{"self":[{"href":"http:\/\/npm.org\/es\/wp-json\/wp\/v2\/pages\/446"}],"collection":[{"href":"http:\/\/npm.org\/es\/wp-json\/wp\/v2\/pages"}],"about":[{"href":"http:\/\/npm.org\/es\/wp-json\/wp\/v2\/types\/page"}],"author":[{"embeddable":true,"href":"http:\/\/npm.org\/es\/wp-json\/wp\/v2\/users\/6628"}],"replies":[{"embeddable":true,"href":"http:\/\/npm.org\/es\/wp-json\/wp\/v2\/comments?post=446"}],"version-history":[{"count":9,"href":"http:\/\/npm.org\/es\/wp-json\/wp\/v2\/pages\/446\/revisions"}],"predecessor-version":[{"id":24701,"href":"http:\/\/npm.org\/es\/wp-json\/wp\/v2\/pages\/446\/revisions\/24701"}],"up":[{"embeddable":true,"href":"http:\/\/npm.org\/es\/wp-json\/wp\/v2\/pages\/21"}],"wp:attachment":[{"href":"http:\/\/npm.org\/es\/wp-json\/wp\/v2\/media?parent=446"}],"curies":[{"name":"gracias","href":"https:\/\/api.w.org\/{rel}","templated":true}]}}