{"id":1951,"date":"2017-07-24T03:46:09","date_gmt":"2017-07-24T03:46:09","guid":{"rendered":"https:\/\/npm.org\/?page_id=1951"},"modified":"2022-11-10T21:37:32","modified_gmt":"2022-11-10T21:37:32","slug":"pastoral-music","status":"publish","type":"page","link":"http:\/\/npm.org\/es\/pastoral-music\/","title":{"rendered":"M\u00fasica pastoral"},"content":{"rendered":"<p>NPM est\u00e1 proporcionando acceso a los vol\u00famenes 26 - 35 de M\u00fasica pastoral para el uso de m\u00fasicos pastorales y otras personas que realizan investigaciones sobre cuestiones lit\u00fargicas y musicales.<\/p>\r\n<p>Ediciones anteriores de <em>M\u00fasica pastoral\u00a0<\/em>est\u00e1n disponibles en la oficina de NPM. Por favor env\u00ede un correo electr\u00f3nico <a href=\"mailto:npmmem@npm.org\" target=\"_blank\" rel=\"noopener noreferrer\">npmsing@npm.org<\/a>.<\/p>\r\n<p>En cada volumen, los t\u00edtulos de las publicaciones est\u00e1n ordenados por fecha de publicaci\u00f3n y n\u00famero de publicaci\u00f3n.<\/p>\r\n<p><strong>Volumen 26<\/strong><br \/>26:1\u00a0<a href=\"https:\/\/npm.org\/wp-content\/uploads\/2017\/07\/PM%20Vol%2026-1.pdf\">Convenci\u00f3n del Vig\u00e9simo Quinto Aniversario: Transformaciones de la Liturgia Musical<\/a>\u00a0(Octubre-noviembre de 2001)<br \/>26:2\u00a0<a href=\"https:\/\/npm.org\/wp-content\/uploads\/2017\/07\/PM%20Vol%2026-2.pdf\">La quinta instrucci\u00f3n: reflexiones americanas<\/a>\u00a0(Diciembre-enero de 2002)<br \/>26:3\u00a0<a href=\"https:\/\/npm.org\/wp-content\/uploads\/2017\/07\/PM%20Vol%2026-3.pdf\">Voluntarios: Ministerio del Coraz\u00f3n de la M\u00fasica<\/a>\u00a0(Febrero-marzo de 2002)<br \/>26:4\u00a0<a href=\"https:\/\/npm.org\/wp-content\/uploads\/2017\/07\/PM%20Vol%2026-4.pdf\">Aguas de vida, cantan alabanzas<\/a>\u00a0(Abril-mayo de 2002)<br \/>26:5\u00a0<a href=\"https:\/\/npm.org\/wp-content\/uploads\/2017\/07\/PM%20Vol%2026-5.pdf\">Ministerio del campus: Cantar en la encrucijada<\/a>\u00a0(Junio-julio de 2002)<br \/>26:6\u00a0<a href=\"https:\/\/npm.org\/wp-content\/uploads\/2017\/07\/PM%20Vol%2026-6.pdf\">Procesiones: cantando nuestro viaje<\/a>\u00a0(Agosto-septiembre de 2002)<\/p>\r\n<p><strong>Volumen 27<\/strong><br \/>27:1\u00a0<a href=\"https:\/\/npm.org\/wp-content\/uploads\/2017\/07\/PM%20Vol%2027-1.pdf\">Convenciones regionales: cantando esperanza y renovaci\u00f3n<\/a>\u00a0(Octubre-noviembre de 2002)<br \/>27:2\u00a0<a href=\"https:\/\/npm.org\/wp-content\/uploads\/2017\/07\/PM%20Vol%2027-2.pdf\">Canta de Mar\u00eda<\/a>\u00a0(Diciembre-enero de 2003)<br \/>27:3\u00a0<a href=\"https:\/\/npm.org\/wp-content\/uploads\/2017\/07\/PM%20Vol%2027-3.pdf\">De &quot;Dios santo&quot; a &quot;Dios maravilloso&quot;: alabanza la m\u00fasica y la adoraci\u00f3n cat\u00f3lica<\/a>\u00a0(Febrero-marzo de 2003)<br \/>27:4\u00a0<a href=\"https:\/\/npm.org\/wp-content\/uploads\/2017\/07\/PM%20Vol%2027-4.pdf\">Regalos de Asia y la Cuenca del Pac\u00edfico<\/a>\u00a0(Abril-mayo de 2003)<br \/>27:5\u00a0<a href=\"https:\/\/npm.org\/wp-content\/uploads\/2017\/07\/PM%20Vol%2027-5.pdf\">Implementaci\u00f3n de la Instrucci\u00f3n General 2000: Ayuda pr\u00e1ctica<\/a>\u00a0(Junio-julio de 2003)<br \/>27:6\u00a0<a href=\"https:\/\/npm.org\/wp-content\/uploads\/2017\/07\/PM%20Vol%2027-6.pdf\">El camino hacia la renovaci\u00f3n: oportunidades y obst\u00e1culos<\/a>\u00a0(Agosto-septiembre de 2003)<\/p>\r\n<p><strong>V<\/strong><strong>olumen 28<\/strong><br \/>28:1\u00a0<a href=\"https:\/\/npm.org\/wp-content\/uploads\/2017\/07\/PM%20Vol%2028-1.pdf\">Convenci\u00f3n Nacional 2003: Cristo presente. . . Cuando la Iglesia canta y ora<\/a>\u00a0(Octubre-noviembre de 2003)<br \/>28:2\u00a0<a href=\"https:\/\/npm.org\/wp-content\/uploads\/2017\/07\/PM%20Vol%2028-2.pdf\">Espiritualidad para m\u00fasicos pastorales<\/a>\u00a0(Diciembre-enero de 2004)<br \/>28:3\u00a0<a href=\"https:\/\/npm.org\/wp-content\/uploads\/2017\/07\/PM%20Vol%2028-3.pdf\">Ministerios de m\u00fasica: apoyo al canto congregacional<\/a>\u00a0(Febrero-marzo de 2004)<br \/>28:4\u00a0<a href=\"https:\/\/npm.org\/wp-content\/uploads\/2017\/07\/PM%20Vol%2028-4.pdf\">Religiosidad Popular y Liturgia<\/a>\u00a0(Abril-mayo de 2004)<br \/>28:5\u00a0<a href=\"https:\/\/npm.org\/wp-content\/uploads\/2017\/07\/PM%20Vol%2028-5.pdf\">M\u00fasicos pastorales y evangelizaci\u00f3n<\/a>\u00a0(Junio-julio de 2004)<br \/>28:6\u00a0<a href=\"https:\/\/npm.org\/wp-content\/uploads\/2017\/07\/PM%20Vol%2028-6.pdf\">Nuestra vocaci\u00f3n sacerdotal, prof\u00e9tica y real<\/a>\u00a0(Agosto-septiembre de 2004)<\/p>\r\n<p><strong>Volumen 29<\/strong><br \/>29:1\u00a0<a href=\"https:\/\/npm.org\/wp-content\/uploads\/2017\/07\/PM%20Vol%2029-1.pdf\">Convenciones regionales 2004: esp\u00edritu, canto y alabanza<\/a>\u00a0(Octubre-noviembre de 2004)<br \/>29:2\u00a0<a href=\"https:\/\/npm.org\/wp-content\/uploads\/2017\/07\/PM%20Vol%2029-2.pdf\">Nuestra Iglesia Eucar\u00edstica<\/a>\u00a0(Diciembre-enero de 2005)<br \/>29:3\u00a0<a href=\"https:\/\/npm.org\/wp-content\/uploads\/2017\/07\/PM%20Vol%2029-3.pdf\">Salmista y Cantor<\/a>\u00a0(Febrero-marzo de 2005)<br \/>29:4\u00a0<a href=\"https:\/\/npm.org\/wp-content\/uploads\/2017\/07\/PM%20Vol%2029-4.pdf\">Cantando la paz, cantando la justicia<\/a>\u00a0(Abril-mayo de 2005)<br \/>29:5\u00a0<a href=\"https:\/\/npm.org\/wp-content\/uploads\/2017\/07\/PM%20VoL%2029-5.pdf\">Canci\u00f3n de las estaciones<\/a>\u00a0(Junio-julio de 2005)<br \/>29:6\u00a0<a href=\"https:\/\/npm.org\/wp-content\/uploads\/2017\/07\/PM%20Vol%2029-6.pdf\">\u00d3rganos y organistas<\/a>\u00a0(Agosto-septiembre de 2005)<\/p>\r\n<p><strong>Volumen 30\u00a0<\/strong><br \/>30:1\u00a0<a href=\"https:\/\/npm.org\/wp-content\/uploads\/2017\/07\/PM%20Vol%2030-1.pdf\">Convenci\u00f3n Nacional 2005: Para que su alegr\u00eda sea completa<\/a>\u00a0(Octubre-noviembre de 2005)<br \/>30:2\u00a0<a href=\"https:\/\/npm.org\/wp-content\/uploads\/2017\/07\/PM%20Vol%2030-2.pdf\">El Coro Pastoral<\/a>\u00a0(Diciembre-enero de 2006)<br \/>30:3\u00a0<a href=\"https:\/\/npm.org\/wp-content\/uploads\/2017\/07\/PM%20Vol%2030-3%20.pdf\">Ritos de umbral<\/a>\u00a0(Febrero-marzo de 2006)<br \/>30:4\u00a0<a href=\"https:\/\/npm.org\/wp-content\/uploads\/2017\/07\/PM%20Vol%2030-4.pdf\">Prepar\u00e1ndose para la adoraci\u00f3n<\/a>\u00a0(Abril-mayo de 2006)<br \/>30:5\u00a0<a href=\"https:\/\/npm.org\/wp-content\/uploads\/2017\/07\/PM%20Vol%2030-5.pdf\">Adoraci\u00f3n accesible: liturgia, m\u00fasica y personas con discapacidades<\/a>\u00a0(Junio-julio de 2006)<br \/>30:6\u00a0<a href=\"https:\/\/npm.org\/wp-content\/uploads\/2017\/07\/PM%20Vol%2030-6.pdf\">Colaboradores en el vi\u00f1edo<\/a>\u00a0(Agosto-septiembre de 2006)<\/p>\r\n<p><strong>Volumen 31<\/strong><br \/>31:1\u00a0<a href=\"https:\/\/npm.org\/wp-content\/uploads\/2017\/07\/PM%20Vol%2031-1.pdf\">Convenciones regionales de 2006: unidad, esperanza, don\u00a0<\/a>(Octubre-noviembre de 2006)<br \/>31:2\u00a0<a href=\"https:\/\/npm.org\/wp-content\/uploads\/2017\/07\/PM%20Vol%2031-2.pdf\">Una gu\u00eda para el pastor sobre la m\u00fasica pastoral<\/a>\u00a0(Diciembre-enero de 2007)<br \/>31:3\u00a0<a href=\"https:\/\/npm.org\/wp-content\/uploads\/2017\/07\/PM%20Vol%2031-3.pdf\">Nuevos enfoques de la liturgia multicultural<\/a>\u00a0(Febrero-marzo de 2007)<br \/>31:4\u00a0<a href=\"https:\/\/npm.org\/wp-content\/uploads\/2017\/07\/PM%20Vol%2031-4.pdf\">Estudiantes, profesores, peregrinos<\/a>\u00a0(Abril-mayo de 2007)<br \/>31:5\u00a0<a href=\"https:\/\/npm.org\/wp-content\/uploads\/2017\/07\/PM%20Vol%2031-5.pdf\">Palabras que rezamos, palabras que cantamos<\/a>\u00a0(Junio-julio de 2007)<br \/>31:6\u00a0<a href=\"https:\/\/npm.org\/wp-content\/uploads\/2017\/07\/PM%20Vol%2031-6.pdf\">Himnos y canciones lit\u00fargicas<\/a>\u00a0(Agosto-septiembre de 2007)<\/p>\r\n<p><strong>Volumen 32<\/strong><br \/>32:1\u00a0<a href=\"https:\/\/npm.org\/wp-content\/uploads\/2017\/07\/PM%20Vol%2032-1.pdf\">Convenci\u00f3n 2007: Que todos sean uno<\/a>\u00a0(Octubre-noviembre de 2007)<br \/>32:2\u00a0<a href=\"https:\/\/npm.org\/wp-content\/uploads\/2017\/07\/PM%20Vol%2032-2.pdf\">Fundamentos y visiones: principios lit\u00fargicos de<\/a><em><a href=\"https:\/\/npm.org\/wp-content\/uploads\/2017\/07\/PM%20Vol%2032-2.pdf\">\u00a0Sacrosanctum Concilium<\/a><\/em>\u00a0(Diciembre-enero de 2008)<br \/>32:3\u00a0<a href=\"https:\/\/npm.org\/wp-content\/uploads\/2017\/07\/PM%20Vol%2032-3.pdf\">Mentor\u00eda de j\u00f3venes en el ministerio musical<\/a>\u00a0(Febrero-marzo de 2008)<br \/>32:4\u00a0<a href=\"https:\/\/npm.org\/wp-content\/uploads\/2017\/07\/PM%20Vol%2032-4.pdf\">Canten al Se\u00f1or: temas clave en el documento de los obispos<\/a>\u00a0(Abril-mayo de 2008)<br \/>32:5\u00a0<a href=\"https:\/\/npm.org\/wp-content\/uploads\/2017\/07\/PM%20Vol%2032-5.pdf\">El canto gregoriano hoy<\/a>\u00a0(Junio-julio de 2008)<br \/>32:6\u00a0<a href=\"https:\/\/npm.org\/wp-content\/uploads\/2017\/07\/PM%20Vol%2032-6.pdf\">Conjuntos lit\u00fargicos<\/a>\u00a0(Agosto-septiembre de 2008)<\/p>\r\n<p><strong>Volumen 33<\/strong><br \/>33:1\u00a0<a href=\"https:\/\/npm.org\/wp-content\/uploads\/2017\/07\/PM%20Vol%2033-1.pdf\">Convenciones regionales de 2008: en medio del cambio<\/a>\u00a0(Octubre-noviembre de 2008)<br \/>33:2\u00a0<a href=\"https:\/\/npm.org\/wp-content\/uploads\/2017\/07\/PM%20Vol%2033-2.pdf\">Cantando la fe que compartimos<\/a>\u00a0(Diciembre-enero de 2009)<br \/>33:3\u00a0<a href=\"https:\/\/npm.org\/wp-content\/uploads\/2017\/07\/PMVol33-3.pdf\">Cantemos al Se\u00f1or. . . Unidos \/ Sing to the Lord. . . Juntos\u00a0<\/a>(Febrero-marzo de 2009)<br \/>33:4\u00a0<a href=\"https:\/\/npm.org\/wp-content\/uploads\/2017\/07\/PM%20Vol%2033-4.pdf\">Educaci\u00f3n y Adoraci\u00f3n Musical<\/a>\u00a0(Abril-mayo de 2009)<br \/>33:5\u00a0<a href=\"https:\/\/npm.org\/wp-content\/uploads\/2017\/07\/PM%20Vol%2033-5.pdf\">Compositores \u201cPor toda la tierra resuena su voz. . . &quot;\u00a0<\/a>\u00a0 (Junio-julio de 2009)<br \/>33:6\u00a0<a href=\"https:\/\/npm.org\/wp-content\/uploads\/2017\/07\/PMVol33-6.pdf\">Tierra Santa: espacio para la adoraci\u00f3n<\/a>\u00a0(Agosto-septiembre de 2009)<\/p>\r\n<p><strong>Volumen 34<\/strong><br \/>34:1\u00a0<a href=\"https:\/\/npm.org\/wp-content\/uploads\/2017\/07\/PMVol34-1.pdf\">Convenci\u00f3n Nacional de 2009: Canta al Se\u00f1or<\/a>\u00a0(Octubre de 2009)<br \/>34:2\u00a0<a href=\"https:\/\/npm.org\/wp-content\/uploads\/2017\/07\/PMVol34-2.pdf\">M\u00fasicos al servicio de comunidades militares<\/a>\u00a0(Enero de 2010)<br \/>34:3\u00a0<a href=\"https:\/\/npm.org\/wp-content\/uploads\/2017\/07\/PMVol34-3.pdf\">Con voces unidas<\/a>\u00a0(Marzo de 2010)<br \/>34:4\u00a0<a href=\"https:\/\/npm.org\/wp-content\/uploads\/2017\/07\/PMVol34-4.pdf\">Por qu\u00e9 cantamos lo que cantamos y hacemos lo que hacemos en la misa<\/a>\u00a0(Mayo de 2010)<br \/>34:5\u00a0<a href=\"https:\/\/npm.org\/wp-content\/uploads\/2017\/07\/PMVol34-5.pdf\">La Gran Comisi\u00f3n: liturgia y misi\u00f3n de la Iglesia<\/a>\u00a0(Septiembre de 2010)<\/p>\r\n<p><strong>Volumen 35<\/strong><br \/>35:1 <a href=\"https:\/\/npm.org\/wp-content\/uploads\/2017\/07\/PMVol35-1.pdf\">Convenci\u00f3n anual de 2010: esperanza y armon\u00eda<\/a> (Noviembre de 2010)<br \/>35:2 <a href=\"https:\/\/npm.org\/wp-content\/uploads\/2017\/07\/PMVol35-2.pdf\">Canto y sus hijos en la liturgia de hoy<\/a> (Enero de 2011)<br \/>35:3 <a href=\"https:\/\/npm.org\/wp-content\/uploads\/2017\/07\/PMVol35-3.pdf\">El esp\u00edritu en la liturgia<\/a> (Marzo de 2011)<br \/>35:4 <a href=\"https:\/\/npm.org\/wp-content\/uploads\/2017\/07\/PMVol35-4.pdf\">Juventud, Ministerio de M\u00fasica, Liturgia e Iglesia<\/a> (Mayo de 2011)<br \/>35:5 <a href=\"https:\/\/npm.org\/wp-content\/uploads\/2017\/07\/PMVol35-5.pdf\">El misal romano: una perspectiva m\u00e1s amplia<\/a> (Septiembre de 2011)<\/p>\r\n<p>&nbsp;<\/p>","protected":false},"excerpt":{"rendered":"","protected":false},"author":6628,"featured_media":0,"parent":0,"menu_order":0,"comment_status":"closed","ping_status":"closed","template":"","meta":{"_acf_changed":false,"footnotes":""},"class_list":["post-1951","page","type-page","status-publish","hentry"],"acf":[],"_links":{"self":[{"href":"http:\/\/npm.org\/es\/wp-json\/wp\/v2\/pages\/1951"}],"collection":[{"href":"http:\/\/npm.org\/es\/wp-json\/wp\/v2\/pages"}],"about":[{"href":"http:\/\/npm.org\/es\/wp-json\/wp\/v2\/types\/page"}],"author":[{"embeddable":true,"href":"http:\/\/npm.org\/es\/wp-json\/wp\/v2\/users\/6628"}],"replies":[{"embeddable":true,"href":"http:\/\/npm.org\/es\/wp-json\/wp\/v2\/comments?post=1951"}],"version-history":[{"count":2,"href":"http:\/\/npm.org\/es\/wp-json\/wp\/v2\/pages\/1951\/revisions"}],"predecessor-version":[{"id":20494,"href":"http:\/\/npm.org\/es\/wp-json\/wp\/v2\/pages\/1951\/revisions\/20494"}],"wp:attachment":[{"href":"http:\/\/npm.org\/es\/wp-json\/wp\/v2\/media?parent=1951"}],"curies":[{"name":"gracias","href":"https:\/\/api.w.org\/{rel}","templated":true}]}}