{"id":15435,"date":"2021-01-28T14:39:39","date_gmt":"2021-01-28T14:39:39","guid":{"rendered":"https:\/\/npm.org\/?page_id=15435"},"modified":"2023-04-13T08:38:40","modified_gmt":"2023-04-13T12:38:40","slug":"join-or-renew","status":"publish","type":"page","link":"http:\/\/npm.org\/es\/join-or-renew\/","title":{"rendered":"\u00danase o renueve"},"content":{"rendered":"<div data-elementor-type=\"wp-page\" data-elementor-id=\"15435\" class=\"elementor elementor-15435\" data-elementor-post-type=\"page\">\n\t\t\t\t\t\t<section class=\"elementor-section elementor-top-section elementor-element elementor-element-d12960c elementor-section-boxed elementor-section-height-default elementor-section-height-default\" data-id=\"d12960c\" data-element_type=\"section\" data-e-type=\"section\">\n\t\t\t\t\t\t<div class=\"elementor-container elementor-column-gap-default\">\n\t\t\t\t\t<div class=\"elementor-column elementor-col-100 elementor-top-column elementor-element elementor-element-1b57fcb\" data-id=\"1b57fcb\" data-element_type=\"column\" data-e-type=\"column\">\n\t\t\t<div class=\"elementor-widget-wrap elementor-element-populated\">\n\t\t\t\t\t\t<div class=\"elementor-element elementor-element-787c6b2 white-text elementor-invisible elementor-widget elementor-widget-heading\" data-id=\"787c6b2\" data-element_type=\"widget\" data-e-type=\"widget\" data-settings=\"{&quot;_animation&quot;:&quot;fadeIn&quot;}\" data-widget_type=\"heading.default\">\n\t\t\t\t<div class=\"elementor-widget-container\">\n\t\t\t\t\t<h1 class=\"elementor-heading-title elementor-size-large\">\u00bfPor qu\u00e9 deber\u00eda unirme a NPM?<\/h1>\t\t\t\t<\/div>\n\t\t\t\t<\/div>\n\t\t\t\t\t<\/div>\n\t\t<\/div>\n\t\t\t\t\t<\/div>\n\t\t<\/section>\n\t\t\t\t<section class=\"elementor-section elementor-top-section elementor-element elementor-element-10ed82e elementor-section-boxed elementor-section-height-default elementor-section-height-default\" data-id=\"10ed82e\" data-element_type=\"section\" data-e-type=\"section\">\n\t\t\t\t\t\t<div class=\"elementor-container elementor-column-gap-default\">\n\t\t\t\t\t<div class=\"elementor-column elementor-col-100 elementor-top-column elementor-element elementor-element-60ec947\" data-id=\"60ec947\" data-element_type=\"column\" data-e-type=\"column\">\n\t\t\t<div class=\"elementor-widget-wrap elementor-element-populated\">\n\t\t\t\t\t\t<div class=\"elementor-element elementor-element-0f74697 elementor-widget elementor-widget-text-editor\" data-id=\"0f74697\" data-element_type=\"widget\" data-e-type=\"widget\" data-widget_type=\"text-editor.default\">\n\t\t\t\t<div class=\"elementor-widget-container\">\n\t\t\t\t\t\t\t\t\t<p><b>NPM <\/b><span style=\"font-weight: 400;\">proporciona apoyo nacional para todos los m\u00fasicos pastorales. Su membres\u00eda anual brinda oportunidades de formaci\u00f3n y aprendizaje durante todo el a\u00f1o, junto con descuentos para eventos nacionales y nuestro Calendario de planificaci\u00f3n <\/span><i><span style=\"font-weight: 400;\">(Membres\u00eda Est\u00e1ndar \/ Premium).\u00a0<\/span><\/i><\/p><p><span style=\"font-weight: 400;\">Para obtener m\u00e1s informaci\u00f3n sobre los niveles de membres\u00eda de NPM, <\/span><a href=\"\/es\/fall2020npm\/membership\/\"><b>visite nuestra p\u00e1gina de membres\u00eda<\/b><span style=\"font-weight: 400;\">. <\/span><\/a><\/p>\t\t\t\t\t\t\t\t<\/div>\n\t\t\t\t<\/div>\n\t\t\t\t\t<\/div>\n\t\t<\/div>\n\t\t\t\t\t<\/div>\n\t\t<\/section>\n\t\t\t\t<section class=\"elementor-section elementor-top-section elementor-element elementor-element-3a92089 elementor-section-boxed elementor-section-height-default elementor-section-height-default\" data-id=\"3a92089\" data-element_type=\"section\" data-e-type=\"section\">\n\t\t\t\t\t\t<div class=\"elementor-container elementor-column-gap-default\">\n\t\t\t\t\t<div class=\"elementor-column elementor-col-100 elementor-top-column elementor-element elementor-element-9f45758\" data-id=\"9f45758\" data-element_type=\"column\" data-e-type=\"column\">\n\t\t\t<div class=\"elementor-widget-wrap elementor-element-populated\">\n\t\t\t\t\t\t<div class=\"elementor-element elementor-element-c7facc6 white-text elementor-invisible elementor-widget elementor-widget-heading\" data-id=\"c7facc6\" data-element_type=\"widget\" data-e-type=\"widget\" data-settings=\"{&quot;_animation&quot;:&quot;fadeIn&quot;}\" data-widget_type=\"heading.default\">\n\t\t\t\t<div class=\"elementor-widget-container\">\n\t\t\t\t\t<h1 class=\"elementor-heading-title elementor-size-large\">\u00bfC\u00f3mo puedo unirme a NPM?<\/h1>\t\t\t\t<\/div>\n\t\t\t\t<\/div>\n\t\t\t\t\t<\/div>\n\t\t<\/div>\n\t\t\t\t\t<\/div>\n\t\t<\/section>\n\t\t\t\t<section class=\"elementor-section elementor-top-section elementor-element elementor-element-4439eee elementor-section-boxed elementor-section-height-default elementor-section-height-default\" data-id=\"4439eee\" data-element_type=\"section\" data-e-type=\"section\">\n\t\t\t\t\t\t<div class=\"elementor-container elementor-column-gap-default\">\n\t\t\t\t\t<div class=\"elementor-column elementor-col-100 elementor-top-column elementor-element elementor-element-bfe8ffe\" data-id=\"bfe8ffe\" data-element_type=\"column\" data-e-type=\"column\">\n\t\t\t<div class=\"elementor-widget-wrap elementor-element-populated\">\n\t\t\t\t\t\t<div class=\"elementor-element elementor-element-4206d97 elementor-widget elementor-widget-text-editor\" data-id=\"4206d97\" data-element_type=\"widget\" data-e-type=\"widget\" data-widget_type=\"text-editor.default\">\n\t\t\t\t<div class=\"elementor-widget-container\">\n\t\t\t\t\t\t\t\t\t<p><span style=\"font-weight: 400;\">\u00a1Unirse a NPM es f\u00e1cil! <\/span><a href=\"https:\/\/npm.site-ym.com\/general\/register_member_type.asp?\"><b>haga clic aqu\u00ed<\/b><\/a><span style=\"font-weight: 400;\"> para iniciar el proceso de membres\u00eda.<\/span><\/p><p><span style=\"font-weight: 400;\">\u00bfTengo una pregunta? Llame a la Oficina Nacional de NPM al (240) 247-3000 y podemos ayudarlo.\u00a0<\/span><\/p>\t\t\t\t\t\t\t\t<\/div>\n\t\t\t\t<\/div>\n\t\t\t\t\t<\/div>\n\t\t<\/div>\n\t\t\t\t\t<\/div>\n\t\t<\/section>\n\t\t\t\t<section class=\"elementor-section elementor-top-section elementor-element elementor-element-c17bf47 elementor-section-boxed elementor-section-height-default elementor-section-height-default\" data-id=\"c17bf47\" data-element_type=\"section\" data-e-type=\"section\">\n\t\t\t\t\t\t<div class=\"elementor-container elementor-column-gap-default\">\n\t\t\t\t\t<div class=\"elementor-column elementor-col-100 elementor-top-column elementor-element elementor-element-d76baaa\" data-id=\"d76baaa\" data-element_type=\"column\" data-e-type=\"column\">\n\t\t\t<div class=\"elementor-widget-wrap elementor-element-populated\">\n\t\t\t\t\t\t<div class=\"elementor-element elementor-element-4c03325 white-text elementor-invisible elementor-widget elementor-widget-heading\" data-id=\"4c03325\" data-element_type=\"widget\" data-e-type=\"widget\" data-settings=\"{&quot;_animation&quot;:&quot;fadeIn&quot;}\" data-widget_type=\"heading.default\">\n\t\t\t\t<div class=\"elementor-widget-container\">\n\t\t\t\t\t<h1 class=\"elementor-heading-title elementor-size-large\">Ya soy miembro del NPM y quiero renovar.<\/h1>\t\t\t\t<\/div>\n\t\t\t\t<\/div>\n\t\t\t\t\t<\/div>\n\t\t<\/div>\n\t\t\t\t\t<\/div>\n\t\t<\/section>\n\t\t\t\t<section class=\"elementor-section elementor-top-section elementor-element elementor-element-5e8f689 elementor-section-boxed elementor-section-height-default elementor-section-height-default\" data-id=\"5e8f689\" data-element_type=\"section\" data-e-type=\"section\">\n\t\t\t\t\t\t<div class=\"elementor-container elementor-column-gap-default\">\n\t\t\t\t\t<div class=\"elementor-column elementor-col-100 elementor-top-column elementor-element elementor-element-ed05b8e\" data-id=\"ed05b8e\" data-element_type=\"column\" data-e-type=\"column\">\n\t\t\t<div class=\"elementor-widget-wrap elementor-element-populated\">\n\t\t\t\t\t\t<div class=\"elementor-element elementor-element-eefa4ab elementor-widget elementor-widget-text-editor\" data-id=\"eefa4ab\" data-element_type=\"widget\" data-e-type=\"widget\" data-widget_type=\"text-editor.default\">\n\t\t\t\t<div class=\"elementor-widget-container\">\n\t\t\t\t\t\t\t\t\t<p><span style=\"font-weight: 400;\">Renovar f\u00e1cilmente por <\/span><a href=\"https:\/\/npm.site-ym.com\/login.aspx\"><b>visitando nuestra p\u00e1gina de renovaci\u00f3n<\/b><\/a><span style=\"font-weight: 400;\"> e iniciar sesi\u00f3n con sus credenciales de miembro de NPM. <\/span><\/p>\t\t\t\t\t\t\t\t<\/div>\n\t\t\t\t<\/div>\n\t\t\t\t\t<\/div>\n\t\t<\/div>\n\t\t\t\t\t<\/div>\n\t\t<\/section>\n\t\t\t\t<\/div>","protected":false},"excerpt":{"rendered":"<p>Why should I join NPM? NPM provides national support for every pastoral musician. Your annual membership provides formation and learning opportunities all year, along with discounts to national events and our Planning Calendar (Standard\/Premium Membership).\u00a0 To learn more about the levels of NPM membership, visit our Membership page. How can I join NPM? Joining NPM [&hellip;]<\/p>\n","protected":false},"author":5901,"featured_media":0,"parent":0,"menu_order":0,"comment_status":"closed","ping_status":"closed","template":"","meta":{"_acf_changed":false,"footnotes":""},"class_list":["post-15435","page","type-page","status-publish","hentry"],"acf":[],"_links":{"self":[{"href":"http:\/\/npm.org\/es\/wp-json\/wp\/v2\/pages\/15435"}],"collection":[{"href":"http:\/\/npm.org\/es\/wp-json\/wp\/v2\/pages"}],"about":[{"href":"http:\/\/npm.org\/es\/wp-json\/wp\/v2\/types\/page"}],"author":[{"embeddable":true,"href":"http:\/\/npm.org\/es\/wp-json\/wp\/v2\/users\/5901"}],"replies":[{"embeddable":true,"href":"http:\/\/npm.org\/es\/wp-json\/wp\/v2\/comments?post=15435"}],"version-history":[{"count":6,"href":"http:\/\/npm.org\/es\/wp-json\/wp\/v2\/pages\/15435\/revisions"}],"predecessor-version":[{"id":21532,"href":"http:\/\/npm.org\/es\/wp-json\/wp\/v2\/pages\/15435\/revisions\/21532"}],"wp:attachment":[{"href":"http:\/\/npm.org\/es\/wp-json\/wp\/v2\/media?parent=15435"}],"curies":[{"name":"gracias","href":"https:\/\/api.w.org\/{rel}","templated":true}]}}