{"id":14695,"date":"2020-12-31T16:49:07","date_gmt":"2020-12-31T16:49:07","guid":{"rendered":"https:\/\/npm.org\/?page_id=14695"},"modified":"2024-02-01T15:50:03","modified_gmt":"2024-02-01T20:50:03","slug":"premium-membership","status":"publish","type":"page","link":"http:\/\/npm.org\/es\/premium-membership\/","title":{"rendered":"Membresia premium"},"content":{"rendered":"<div data-elementor-type=\"wp-page\" data-elementor-id=\"14695\" class=\"elementor elementor-14695\" data-elementor-post-type=\"page\">\n\t\t\t\t\t\t<section class=\"elementor-section elementor-top-section elementor-element elementor-element-6774ae8 elementor-section-boxed elementor-section-height-default elementor-section-height-default\" data-id=\"6774ae8\" data-element_type=\"section\" data-e-type=\"section\">\n\t\t\t\t\t\t<div class=\"elementor-container elementor-column-gap-default\">\n\t\t\t\t\t<div class=\"elementor-column elementor-col-100 elementor-top-column elementor-element elementor-element-10871d0\" data-id=\"10871d0\" data-element_type=\"column\" data-e-type=\"column\">\n\t\t\t<div class=\"elementor-widget-wrap elementor-element-populated\">\n\t\t\t\t\t\t<div class=\"elementor-element elementor-element-6bcddab9 elementor-widget elementor-widget-text-editor\" data-id=\"6bcddab9\" data-element_type=\"widget\" data-e-type=\"widget\" data-widget_type=\"text-editor.default\">\n\t\t\t\t<div class=\"elementor-widget-container\">\n\t\t\t\t\t\t\t\t\t<p><\/p>\n<p><span style=\"font-size: 12pt;\">\u00a1El nivel de membres\u00eda premium incluye toda la programaci\u00f3n de NPM! Nuestro nivel superior de membres\u00eda se crea espec\u00edficamente teniendo en cuenta las necesidades de los directores de m\u00fasica parroquial, los l\u00edderes diocesanos y los liturgistas. Adem\u00e1s de todos los Beneficios Est\u00e1ndar, la programaci\u00f3n en el nivel premium brinda oportunidades para el crecimiento acad\u00e9mico y espiritual, as\u00ed como oportunidades invaluables para establecer contactos con otros directores y l\u00edderes de la iglesia.<\/span><\/p>\n<p><span style=\"font-size: 12pt;\"><em>Cuota de membres\u00eda Premium anual (a partir del 1 de febrero de 2024): $199<\/em><\/span><\/p>\n<p style=\"text-align: center;\"><span style=\"font-size: 18pt;\"><strong>Beneficio para miembros nuevos: descuentos de afinidad<\/strong><\/span><\/p>\n<div><span style=\"font-size: 12pt;\">En asociaci\u00f3n con Gallagher Affinity y Member Options, los miembros est\u00e1ndar y premium ahora son elegibles para nuevos beneficios y descuentos de membres\u00eda.<\/span><\/div>\n<div>\u00a0<\/div>\n<div><span style=\"font-size: 12pt;\">Los descuentos incluyen:<\/span><\/div>\n<ul>\n<li><span style=\"font-size: 12pt;\">Seguro de auto<\/span><\/li>\n<li><span style=\"font-size: 12pt;\">Seguro para propietarios de casas<\/span><\/li>\n<li><span style=\"font-size: 12pt;\">El seguro para inquilinos<\/span><\/li>\n<li><span style=\"font-size: 12pt;\">Seguro de mascotas<\/span><\/li>\n<li><span style=\"font-size: 12pt;\">\u2026 y mucho m\u00e1s<\/span><\/li>\n<\/ul>\n<p style=\"text-align: center;\"><span style=\"font-size: 18pt;\"><strong>Beneficio para miembros nuevos: descuento de membres\u00eda del Instituto de M\u00fasica de la Iglesia<\/strong><\/span><\/p>\n<p>Los miembros de NPM pueden convertirse en miembros de <a href=\"https:\/\/www.churchmusicinstitute.org\/\" target=\"_blank\" rel=\"noopener\">el Instituto de M\u00fasica de la Iglesia (CMI)<\/a> por solo $43\/a\u00f1o (ahorrando a los miembros de NPM $32 cada a\u00f1o).<\/p>\n<p>La membres\u00eda de CMI incluye acceso a su l\u00ednea <a href=\"https:\/\/www.churchmusicinstitute.org\/sacred-music-library\/overview\/\" target=\"_blank\" rel=\"noopener\">Biblioteca de M\u00fasica Sacra<\/a> con m\u00e1s de 21.000 selecciones corales y m\u00e1s de 16.000 composiciones para \u00f3rgano.<\/p>\n<p>Comun\u00edquese con la Oficina Nacional del MNP al <strong><a href=\"mailto:npmsing@npm.org\" target=\"_blank\" rel=\"noopener\">npmsing@npm.org<\/a><\/strong> o 240-247-3000 para comenzar<\/p>\n<p><span style=\"font-size: 12pt;\"><\/span><\/p>\t\t\t\t\t\t\t\t<\/div>\n\t\t\t\t<\/div>\n\t\t\t\t\t<\/div>\n\t\t<\/div>\n\t\t\t\t\t<\/div>\n\t\t<\/section>\n\t\t\t\t<section class=\"elementor-section elementor-top-section elementor-element elementor-element-c86f7d9 elementor-section-boxed elementor-section-height-default elementor-section-height-default\" data-id=\"c86f7d9\" data-element_type=\"section\" data-e-type=\"section\">\n\t\t\t\t\t\t<div class=\"elementor-container elementor-column-gap-default\">\n\t\t\t\t\t<div class=\"elementor-column elementor-col-100 elementor-top-column elementor-element elementor-element-43ffc86\" data-id=\"43ffc86\" data-element_type=\"column\" data-e-type=\"column\">\n\t\t\t<div class=\"elementor-widget-wrap elementor-element-populated\">\n\t\t\t\t\t\t<div class=\"elementor-element elementor-element-7568af8 elementor-widget elementor-widget-heading\" data-id=\"7568af8\" data-element_type=\"widget\" data-e-type=\"widget\" data-widget_type=\"heading.default\">\n\t\t\t\t<div class=\"elementor-widget-container\">\n\t\t\t\t\t<h2 class=\"elementor-heading-title elementor-size-default\">Explore cada tipo de membres\u00eda<\/h2>\t\t\t\t<\/div>\n\t\t\t\t<\/div>\n\t\t\t\t\t<\/div>\n\t\t<\/div>\n\t\t\t\t\t<\/div>\n\t\t<\/section>\n\t\t\t\t<section class=\"elementor-section elementor-top-section elementor-element elementor-element-d30536a elementor-section-boxed elementor-section-height-default elementor-section-height-default\" data-id=\"d30536a\" data-element_type=\"section\" data-e-type=\"section\">\n\t\t\t\t\t\t<div class=\"elementor-container elementor-column-gap-default\">\n\t\t\t\t\t<div class=\"elementor-column elementor-col-33 elementor-top-column elementor-element elementor-element-8d8f485\" data-id=\"8d8f485\" data-element_type=\"column\" data-e-type=\"column\">\n\t\t\t<div class=\"elementor-widget-wrap elementor-element-populated\">\n\t\t\t\t\t\t<div class=\"elementor-element elementor-element-9a035b5 elementor-cta--skin-classic elementor-animated-content elementor-bg-transform elementor-bg-transform-zoom-in elementor-widget elementor-widget-call-to-action\" data-id=\"9a035b5\" data-element_type=\"widget\" data-e-type=\"widget\" data-widget_type=\"call-to-action.default\">\n\t\t\t\t<div class=\"elementor-widget-container\">\n\t\t\t\t\t\t\t<div class=\"elementor-cta\">\n\t\t\t\t\t<div class=\"elementor-cta__bg-wrapper\">\n\t\t\t\t<div class=\"elementor-cta__bg elementor-bg\" style=\"background-image: url(https:\/\/npm.org\/wp-content\/uploads\/Basic-Membership-no-wording.png);\" role=\"img\" aria-label=\"Membres\u00eda b\u00e1sica sin texto\"><\/div>\n\t\t\t\t<div class=\"elementor-cta__bg-overlay\"><\/div>\n\t\t\t<\/div>\n\t\t\t\t\t\t\t<div class=\"elementor-cta__content\">\n\t\t\t\t\n\t\t\t\t\t\t\t\t\t<h2 class=\"elementor-cta__title elementor-cta__content-item elementor-content-item\">\n\t\t\t\t\t\tNiveles Select y Select Plus (anteriormente B\u00e1sico)\t\t\t\t\t<\/h2>\n\t\t\t\t\n\t\t\t\t\t\t\t\t\t<div class=\"elementor-cta__description elementor-cta__content-item elementor-content-item\">\n\t\t\t\t\t\tPara el clero, miembros del coro y m\u00e1s\t\t\t\t\t<\/div>\n\t\t\t\t\n\t\t\t\t\t\t\t\t\t<div class=\"elementor-cta__button-wrapper elementor-cta__content-item elementor-content-item\">\n\t\t\t\t\t<a class=\"elementor-cta__button elementor-button elementor-size-\" href=\"https:\/\/npm.org\/es\/select-and-select-plus-memberships\/\">\n\t\t\t\t\t\tHaga clic aqu\u00ed\t\t\t\t\t<\/a>\n\t\t\t\t\t<\/div>\n\t\t\t\t\t\t\t<\/div>\n\t\t\t\t\t\t<\/div>\n\t\t\t\t\t\t<\/div>\n\t\t\t\t<\/div>\n\t\t\t\t\t<\/div>\n\t\t<\/div>\n\t\t\t\t<div class=\"elementor-column elementor-col-33 elementor-top-column elementor-element elementor-element-efdd2fa\" data-id=\"efdd2fa\" data-element_type=\"column\" data-e-type=\"column\">\n\t\t\t<div class=\"elementor-widget-wrap elementor-element-populated\">\n\t\t\t\t\t\t<div class=\"elementor-element elementor-element-88c2258 elementor-cta--skin-classic elementor-animated-content elementor-bg-transform elementor-bg-transform-zoom-in elementor-widget elementor-widget-call-to-action\" data-id=\"88c2258\" data-element_type=\"widget\" data-e-type=\"widget\" data-widget_type=\"call-to-action.default\">\n\t\t\t\t<div class=\"elementor-widget-container\">\n\t\t\t\t\t\t\t<div class=\"elementor-cta\">\n\t\t\t\t\t<div class=\"elementor-cta__bg-wrapper\">\n\t\t\t\t<div class=\"elementor-cta__bg elementor-bg\" style=\"background-image: url(https:\/\/npm.org\/wp-content\/uploads\/Standard-Membership-no-wording.png);\" role=\"img\" aria-label=\"Membres\u00eda est\u00e1ndar sin texto\"><\/div>\n\t\t\t\t<div class=\"elementor-cta__bg-overlay\"><\/div>\n\t\t\t<\/div>\n\t\t\t\t\t\t\t<div class=\"elementor-cta__content\">\n\t\t\t\t\n\t\t\t\t\t\t\t\t\t<h2 class=\"elementor-cta__title elementor-cta__content-item elementor-content-item\">\n\t\t\t\t\t\tNivel estandar\t\t\t\t\t<\/h2>\n\t\t\t\t\n\t\t\t\t\t\t\t\t\t<div class=\"elementor-cta__description elementor-cta__content-item elementor-content-item\">\n\t\t\t\t\t\tPara organistas, pianistas, directores de coros y m\u00e1s\t\t\t\t\t<\/div>\n\t\t\t\t\n\t\t\t\t\t\t\t\t\t<div class=\"elementor-cta__button-wrapper elementor-cta__content-item elementor-content-item\">\n\t\t\t\t\t<a class=\"elementor-cta__button elementor-button elementor-size-\" href=\"https:\/\/npm.org\/es\/standard-membership\/\">\n\t\t\t\t\t\tHaga clic aqu\u00ed\t\t\t\t\t<\/a>\n\t\t\t\t\t<\/div>\n\t\t\t\t\t\t\t<\/div>\n\t\t\t\t\t\t<\/div>\n\t\t\t\t\t\t<\/div>\n\t\t\t\t<\/div>\n\t\t\t\t\t<\/div>\n\t\t<\/div>\n\t\t\t\t<div class=\"elementor-column elementor-col-33 elementor-top-column elementor-element elementor-element-caa2372\" data-id=\"caa2372\" data-element_type=\"column\" data-e-type=\"column\">\n\t\t\t<div class=\"elementor-widget-wrap elementor-element-populated\">\n\t\t\t\t\t\t<div class=\"elementor-element elementor-element-3ea5582 elementor-cta--skin-classic elementor-animated-content elementor-bg-transform elementor-bg-transform-zoom-in elementor-widget elementor-widget-call-to-action\" data-id=\"3ea5582\" data-element_type=\"widget\" data-e-type=\"widget\" data-widget_type=\"call-to-action.default\">\n\t\t\t\t<div class=\"elementor-widget-container\">\n\t\t\t\t\t\t\t<div class=\"elementor-cta\">\n\t\t\t\t\t<div class=\"elementor-cta__bg-wrapper\">\n\t\t\t\t<div class=\"elementor-cta__bg elementor-bg\" style=\"background-image: url(https:\/\/npm.org\/wp-content\/uploads\/Premium-Membership-no-wording-2.png);\" role=\"img\" aria-label=\"Membres\u00eda Premium sin texto (2)\"><\/div>\n\t\t\t\t<div class=\"elementor-cta__bg-overlay\"><\/div>\n\t\t\t<\/div>\n\t\t\t\t\t\t\t<div class=\"elementor-cta__content\">\n\t\t\t\t\n\t\t\t\t\t\t\t\t\t<h2 class=\"elementor-cta__title elementor-cta__content-item elementor-content-item\">\n\t\t\t\t\t\tNivel Premium\t\t\t\t\t<\/h2>\n\t\t\t\t\n\t\t\t\t\t\t\t\t\t<div class=\"elementor-cta__description elementor-cta__content-item elementor-content-item\">\n\t\t\t\t\t\tPara directores musicales, directores diocesanos y liturgistas\t\t\t\t\t<\/div>\n\t\t\t\t\n\t\t\t\t\t\t\t\t\t<div class=\"elementor-cta__button-wrapper elementor-cta__content-item elementor-content-item\">\n\t\t\t\t\t<a class=\"elementor-cta__button elementor-button elementor-size-\" href=\"https:\/\/npm.org\/es\/premium-membership\/\">\n\t\t\t\t\t\tHaga clic aqu\u00ed\t\t\t\t\t<\/a>\n\t\t\t\t\t<\/div>\n\t\t\t\t\t\t\t<\/div>\n\t\t\t\t\t\t<\/div>\n\t\t\t\t\t\t<\/div>\n\t\t\t\t<\/div>\n\t\t\t\t\t<\/div>\n\t\t<\/div>\n\t\t\t\t\t<\/div>\n\t\t<\/section>\n\t\t\t\t<section class=\"elementor-section elementor-top-section elementor-element elementor-element-5a1d840 elementor-section-boxed elementor-section-height-default elementor-section-height-default\" data-id=\"5a1d840\" data-element_type=\"section\" data-e-type=\"section\">\n\t\t\t\t\t\t<div class=\"elementor-container elementor-column-gap-default\">\n\t\t\t\t\t<div class=\"elementor-column elementor-col-100 elementor-top-column elementor-element elementor-element-7045087\" data-id=\"7045087\" data-element_type=\"column\" data-e-type=\"column\">\n\t\t\t<div class=\"elementor-widget-wrap elementor-element-populated\">\n\t\t\t\t\t\t<div class=\"elementor-element elementor-element-0f11595 elementor-widget elementor-widget-image\" data-id=\"0f11595\" data-element_type=\"widget\" data-e-type=\"widget\" data-widget_type=\"image.default\">\n\t\t\t\t<div class=\"elementor-widget-container\">\n\t\t\t\t\t\t\t\t\t\t\t\t\t\t\t<img decoding=\"async\" src=\"https:\/\/npm.org\/wp-content\/uploads\/NPM_MembershipBenefits_PremiumLevel_Letter.jpg\" title=\"\" alt=\"\" loading=\"lazy\" \/>\t\t\t\t\t\t\t\t\t\t\t\t\t\t\t<\/div>\n\t\t\t\t<\/div>\n\t\t\t\t\t<\/div>\n\t\t<\/div>\n\t\t\t\t\t<\/div>\n\t\t<\/section>\n\t\t\t\t<section class=\"elementor-section elementor-top-section elementor-element elementor-element-a866a46 elementor-section-boxed elementor-section-height-default elementor-section-height-default\" data-id=\"a866a46\" data-element_type=\"section\" data-e-type=\"section\">\n\t\t\t\t\t\t<div class=\"elementor-container elementor-column-gap-default\">\n\t\t\t\t\t<div class=\"elementor-column elementor-col-100 elementor-top-column elementor-element elementor-element-0b50aec\" data-id=\"0b50aec\" data-element_type=\"column\" data-e-type=\"column\">\n\t\t\t<div class=\"elementor-widget-wrap elementor-element-populated\">\n\t\t\t\t\t\t<div class=\"elementor-element elementor-element-ccd514d elementor-widget elementor-widget-image\" data-id=\"ccd514d\" data-element_type=\"widget\" data-e-type=\"widget\" data-widget_type=\"image.default\">\n\t\t\t\t<div class=\"elementor-widget-container\">\n\t\t\t\t\t\t\t\t\t\t\t\t\t\t\t\t<a href=\"https:\/\/npm.site-ym.com\/general\/register_member_type.asp?\" target=\"_blank\">\n\t\t\t\t\t\t\t<img fetchpriority=\"high\" decoding=\"async\" width=\"860\" height=\"112\" src=\"https:\/\/npm.org\/wp-content\/uploads\/Join-now-button-Spanish-1.png\" class=\"attachment-large size-large wp-image-15953\" alt=\"\" srcset=\"https:\/\/npm.org\/wp-content\/uploads\/Join-now-button-Spanish-1.png 1920w, https:\/\/npm.org\/wp-content\/uploads\/Join-now-button-Spanish-1-300x39.png 300w, https:\/\/npm.org\/wp-content\/uploads\/Join-now-button-Spanish-1-1024x133.png 1024w, https:\/\/npm.org\/wp-content\/uploads\/Join-now-button-Spanish-1-768x100.png 768w, https:\/\/npm.org\/wp-content\/uploads\/Join-now-button-Spanish-1-1536x200.png 1536w, https:\/\/npm.org\/wp-content\/uploads\/Join-now-button-Spanish-1-16x2.png 16w, https:\/\/npm.org\/wp-content\/uploads\/Join-now-button-Spanish-1-260x34.png 260w\" sizes=\"(max-width: 860px) 100vw, 860px\" \/>\t\t\t\t\t\t\t\t<\/a>\n\t\t\t\t\t\t\t\t\t\t\t\t\t\t\t<\/div>\n\t\t\t\t<\/div>\n\t\t\t\t\t<\/div>\n\t\t<\/div>\n\t\t\t\t\t<\/div>\n\t\t<\/section>\n\t\t\t\t<\/div>","protected":false},"excerpt":{"rendered":"<p>Explore cada tipo de membres\u00eda Seleccione y seleccione niveles Plus (anteriormente B\u00e1sico) para cl\u00e9rigos, miembros de coros y m\u00e1s. Haga clic aqu\u00ed. Nivel est\u00e1ndar para organistas, pianistas, directores de coros y m\u00e1s. Haga clic aqu\u00ed. Nivel premium para directores musicales, directores diocesanos y liturgistas. Haga clic aqu\u00ed.<\/p>","protected":false},"author":6628,"featured_media":0,"parent":0,"menu_order":0,"comment_status":"closed","ping_status":"closed","template":"","meta":{"_acf_changed":false,"footnotes":""},"class_list":["post-14695","page","type-page","status-publish","hentry"],"acf":[],"_links":{"self":[{"href":"http:\/\/npm.org\/es\/wp-json\/wp\/v2\/pages\/14695"}],"collection":[{"href":"http:\/\/npm.org\/es\/wp-json\/wp\/v2\/pages"}],"about":[{"href":"http:\/\/npm.org\/es\/wp-json\/wp\/v2\/types\/page"}],"author":[{"embeddable":true,"href":"http:\/\/npm.org\/es\/wp-json\/wp\/v2\/users\/6628"}],"replies":[{"embeddable":true,"href":"http:\/\/npm.org\/es\/wp-json\/wp\/v2\/comments?post=14695"}],"version-history":[{"count":30,"href":"http:\/\/npm.org\/es\/wp-json\/wp\/v2\/pages\/14695\/revisions"}],"predecessor-version":[{"id":22871,"href":"http:\/\/npm.org\/es\/wp-json\/wp\/v2\/pages\/14695\/revisions\/22871"}],"wp:attachment":[{"href":"http:\/\/npm.org\/es\/wp-json\/wp\/v2\/media?parent=14695"}],"curies":[{"name":"gracias","href":"https:\/\/api.w.org\/{rel}","templated":true}]}}