{"id":14692,"date":"2020-12-31T16:47:50","date_gmt":"2020-12-31T16:47:50","guid":{"rendered":"https:\/\/npm.org\/?page_id=14692"},"modified":"2024-02-01T15:47:25","modified_gmt":"2024-02-01T20:47:25","slug":"standard-membership","status":"publish","type":"page","link":"http:\/\/npm.org\/es\/standard-membership\/","title":{"rendered":"Membres\u00eda est\u00e1ndar"},"content":{"rendered":"<div data-elementor-type=\"wp-page\" data-elementor-id=\"14692\" class=\"elementor elementor-14692\" data-elementor-post-type=\"page\">\n\t\t\t\t\t\t<section class=\"elementor-section elementor-top-section elementor-element elementor-element-89b6137 elementor-section-boxed elementor-section-height-default elementor-section-height-default\" data-id=\"89b6137\" data-element_type=\"section\" data-e-type=\"section\">\n\t\t\t\t\t\t<div class=\"elementor-container elementor-column-gap-default\">\n\t\t\t\t\t<div class=\"elementor-column elementor-col-100 elementor-top-column elementor-element elementor-element-3e16c40\" data-id=\"3e16c40\" data-element_type=\"column\" data-e-type=\"column\">\n\t\t\t<div class=\"elementor-widget-wrap elementor-element-populated\">\n\t\t\t\t\t\t<div class=\"elementor-element elementor-element-5d710944 elementor-widget elementor-widget-text-editor\" data-id=\"5d710944\" data-element_type=\"widget\" data-e-type=\"widget\" data-widget_type=\"text-editor.default\">\n\t\t\t\t<div class=\"elementor-widget-container\">\n\t\t\t\t\t\t\t\t\t<p><\/p>\n<p><span style=\"font-size: 12pt;\">El nivel est\u00e1ndar de membres\u00eda es el nivel b\u00e1sico ... \u00a1y mucho m\u00e1s! De gran valor para organistas, pianistas, instrumentistas y directores de coro que quieran profundizar en sus roles como l\u00edderes pastorales. Este nivel presenta una gran oportunidad para aprovechar el incre\u00edble conocimiento de nuestros renombrados contribuyentes impresos y presentadores de programas mientras aprende m\u00e1s de otros m\u00fasicos pastorales tanto a nivel nacional como local.\u00a0<\/span><\/p>\n<p><span style=\"font-size: 12pt;\"><em>Cuota de membres\u00eda est\u00e1ndar anual (a partir del 1 de febrero de 2024): $139<\/em><\/span><\/p>\n<p style=\"text-align: center;\"><span style=\"font-size: 18pt;\"><strong>Beneficio para miembros nuevos: descuentos de afinidad<\/strong><\/span><\/p>\n<div><span style=\"font-size: 12pt;\">En asociaci\u00f3n con Gallagher Affinity y Member Options, los miembros est\u00e1ndar y premium ahora son elegibles para nuevos beneficios y descuentos de membres\u00eda.<\/span><\/div>\n<div>\u00a0<\/div>\n<div><span style=\"font-size: 12pt;\">Los descuentos incluyen:<\/span><\/div>\n<ul>\n<li><span style=\"font-size: 12pt;\">Seguro de auto<\/span><\/li>\n<li><span style=\"font-size: 12pt;\">Seguro para propietarios de casas<\/span><\/li>\n<li><span style=\"font-size: 12pt;\">El seguro para inquilinos<\/span><\/li>\n<li><span style=\"font-size: 12pt;\">Seguro de mascotas<\/span><\/li>\n<li><span style=\"font-size: 12pt;\">\u2026 \u00a1y mucho m\u00e1s!<\/span><\/li>\n<\/ul>\n<p><span style=\"font-size: 12pt;\">Busque su bandeja de entrada en enero de 2023 para obtener informaci\u00f3n sobre c\u00f3mo acceder a estos nuevos descuentos y comience a ahorrar dinero hoy.\u00a0<\/span><\/p>\n<p style=\"text-align: center;\"><span style=\"font-size: 18pt;\"><strong>Beneficio para miembros nuevos: descuento de membres\u00eda del Instituto de M\u00fasica de la Iglesia<\/strong><\/span><\/p>\n<p>Los miembros de NPM pueden convertirse en miembros de <a href=\"https:\/\/www.churchmusicinstitute.org\/\" target=\"_blank\" rel=\"noopener\">el Instituto de M\u00fasica de la Iglesia (CMI)<\/a> por solo $43\/a\u00f1o (ahorrando a los miembros de NPM $32 cada a\u00f1o).<\/p>\n<p>La membres\u00eda de CMI incluye acceso a su l\u00ednea <a href=\"https:\/\/www.churchmusicinstitute.org\/sacred-music-library\/overview\/\" target=\"_blank\" rel=\"noopener\">Biblioteca de M\u00fasica Sacra<\/a> con m\u00e1s de 21.000 selecciones corales y m\u00e1s de 16.000 composiciones para \u00f3rgano.<\/p>\n<p>Comun\u00edquese con la Oficina Nacional del MNP al <strong><a href=\"mailto:npmsing@npm.org\" target=\"_blank\" rel=\"noopener\">npmsing@npm.org<\/a><\/strong> o 240-247-3000 para comenzar.<\/p>\n<p><span style=\"font-size: 12pt;\"><\/span><\/p>\t\t\t\t\t\t\t\t<\/div>\n\t\t\t\t<\/div>\n\t\t\t\t\t<\/div>\n\t\t<\/div>\n\t\t\t\t\t<\/div>\n\t\t<\/section>\n\t\t\t\t<section class=\"elementor-section elementor-top-section elementor-element elementor-element-facc2f2 elementor-section-boxed elementor-section-height-default elementor-section-height-default\" data-id=\"facc2f2\" data-element_type=\"section\" data-e-type=\"section\">\n\t\t\t\t\t\t<div class=\"elementor-container elementor-column-gap-default\">\n\t\t\t\t\t<div class=\"elementor-column elementor-col-100 elementor-top-column elementor-element elementor-element-6c23dba\" data-id=\"6c23dba\" data-element_type=\"column\" data-e-type=\"column\">\n\t\t\t<div class=\"elementor-widget-wrap elementor-element-populated\">\n\t\t\t\t\t\t<div class=\"elementor-element elementor-element-6038deb elementor-widget elementor-widget-heading\" data-id=\"6038deb\" data-element_type=\"widget\" data-e-type=\"widget\" data-widget_type=\"heading.default\">\n\t\t\t\t<div class=\"elementor-widget-container\">\n\t\t\t\t\t<h2 class=\"elementor-heading-title elementor-size-default\">Explore cada tipo de membres\u00eda<\/h2>\t\t\t\t<\/div>\n\t\t\t\t<\/div>\n\t\t\t\t\t<\/div>\n\t\t<\/div>\n\t\t\t\t\t<\/div>\n\t\t<\/section>\n\t\t\t\t<section class=\"elementor-section elementor-top-section elementor-element elementor-element-e7c7e80 elementor-section-boxed elementor-section-height-default elementor-section-height-default\" data-id=\"e7c7e80\" data-element_type=\"section\" data-e-type=\"section\">\n\t\t\t\t\t\t<div class=\"elementor-container elementor-column-gap-default\">\n\t\t\t\t\t<div class=\"elementor-column elementor-col-33 elementor-top-column elementor-element elementor-element-a6a798e\" data-id=\"a6a798e\" data-element_type=\"column\" data-e-type=\"column\">\n\t\t\t<div class=\"elementor-widget-wrap elementor-element-populated\">\n\t\t\t\t\t\t<div class=\"elementor-element elementor-element-44961e4 elementor-cta--skin-classic elementor-animated-content elementor-bg-transform elementor-bg-transform-zoom-in elementor-widget elementor-widget-call-to-action\" data-id=\"44961e4\" data-element_type=\"widget\" data-e-type=\"widget\" data-widget_type=\"call-to-action.default\">\n\t\t\t\t<div class=\"elementor-widget-container\">\n\t\t\t\t\t\t\t<div class=\"elementor-cta\">\n\t\t\t\t\t<div class=\"elementor-cta__bg-wrapper\">\n\t\t\t\t<div class=\"elementor-cta__bg elementor-bg\" style=\"background-image: url(https:\/\/npm.org\/wp-content\/uploads\/Basic-Membership-no-wording.png);\" role=\"img\" aria-label=\"Membres\u00eda b\u00e1sica sin texto\"><\/div>\n\t\t\t\t<div class=\"elementor-cta__bg-overlay\"><\/div>\n\t\t\t<\/div>\n\t\t\t\t\t\t\t<div class=\"elementor-cta__content\">\n\t\t\t\t\n\t\t\t\t\t\t\t\t\t<h2 class=\"elementor-cta__title elementor-cta__content-item elementor-content-item\">\n\t\t\t\t\t\tNiveles Select y Select Plus (anteriormente b\u00e1sico)\t\t\t\t\t<\/h2>\n\t\t\t\t\n\t\t\t\t\t\t\t\t\t<div class=\"elementor-cta__description elementor-cta__content-item elementor-content-item\">\n\t\t\t\t\t\tPara el clero, miembros del coro y m\u00e1s\t\t\t\t\t<\/div>\n\t\t\t\t\n\t\t\t\t\t\t\t\t\t<div class=\"elementor-cta__button-wrapper elementor-cta__content-item elementor-content-item\">\n\t\t\t\t\t<a class=\"elementor-cta__button elementor-button elementor-size-\" href=\"https:\/\/npm.org\/es\/basic-membership\/\">\n\t\t\t\t\t\tHaga clic aqu\u00ed\t\t\t\t\t<\/a>\n\t\t\t\t\t<\/div>\n\t\t\t\t\t\t\t<\/div>\n\t\t\t\t\t\t<\/div>\n\t\t\t\t\t\t<\/div>\n\t\t\t\t<\/div>\n\t\t\t\t\t<\/div>\n\t\t<\/div>\n\t\t\t\t<div class=\"elementor-column elementor-col-33 elementor-top-column elementor-element elementor-element-55879dd\" data-id=\"55879dd\" data-element_type=\"column\" data-e-type=\"column\">\n\t\t\t<div class=\"elementor-widget-wrap elementor-element-populated\">\n\t\t\t\t\t\t<div class=\"elementor-element elementor-element-c10e7ff elementor-cta--skin-classic elementor-animated-content elementor-bg-transform elementor-bg-transform-zoom-in elementor-widget elementor-widget-call-to-action\" data-id=\"c10e7ff\" data-element_type=\"widget\" data-e-type=\"widget\" data-widget_type=\"call-to-action.default\">\n\t\t\t\t<div class=\"elementor-widget-container\">\n\t\t\t\t\t\t\t<div class=\"elementor-cta\">\n\t\t\t\t\t<div class=\"elementor-cta__bg-wrapper\">\n\t\t\t\t<div class=\"elementor-cta__bg elementor-bg\" style=\"background-image: url(https:\/\/npm.org\/wp-content\/uploads\/Standard-Membership-no-wording.png);\" role=\"img\" aria-label=\"Membres\u00eda est\u00e1ndar sin texto\"><\/div>\n\t\t\t\t<div class=\"elementor-cta__bg-overlay\"><\/div>\n\t\t\t<\/div>\n\t\t\t\t\t\t\t<div class=\"elementor-cta__content\">\n\t\t\t\t\n\t\t\t\t\t\t\t\t\t<h2 class=\"elementor-cta__title elementor-cta__content-item elementor-content-item\">\n\t\t\t\t\t\tNivel estandar\t\t\t\t\t<\/h2>\n\t\t\t\t\n\t\t\t\t\t\t\t\t\t<div class=\"elementor-cta__description elementor-cta__content-item elementor-content-item\">\n\t\t\t\t\t\tPara organistas, pianistas, directores de coros y m\u00e1s\t\t\t\t\t<\/div>\n\t\t\t\t\n\t\t\t\t\t\t\t\t\t<div class=\"elementor-cta__button-wrapper elementor-cta__content-item elementor-content-item\">\n\t\t\t\t\t<a class=\"elementor-cta__button elementor-button elementor-size-\" href=\"https:\/\/npm.org\/es\/standard-membership\/\">\n\t\t\t\t\t\tHaga clic aqu\u00ed\t\t\t\t\t<\/a>\n\t\t\t\t\t<\/div>\n\t\t\t\t\t\t\t<\/div>\n\t\t\t\t\t\t<\/div>\n\t\t\t\t\t\t<\/div>\n\t\t\t\t<\/div>\n\t\t\t\t\t<\/div>\n\t\t<\/div>\n\t\t\t\t<div class=\"elementor-column elementor-col-33 elementor-top-column elementor-element elementor-element-dbe4da8\" data-id=\"dbe4da8\" data-element_type=\"column\" data-e-type=\"column\">\n\t\t\t<div class=\"elementor-widget-wrap elementor-element-populated\">\n\t\t\t\t\t\t<div class=\"elementor-element elementor-element-8e0dc2e elementor-cta--skin-classic elementor-animated-content elementor-bg-transform elementor-bg-transform-zoom-in elementor-widget elementor-widget-call-to-action\" data-id=\"8e0dc2e\" data-element_type=\"widget\" data-e-type=\"widget\" data-widget_type=\"call-to-action.default\">\n\t\t\t\t<div class=\"elementor-widget-container\">\n\t\t\t\t\t\t\t<div class=\"elementor-cta\">\n\t\t\t\t\t<div class=\"elementor-cta__bg-wrapper\">\n\t\t\t\t<div class=\"elementor-cta__bg elementor-bg\" style=\"background-image: url(https:\/\/npm.org\/wp-content\/uploads\/Premium-Membership-no-wording-2.png);\" role=\"img\" aria-label=\"Membres\u00eda Premium sin texto (2)\"><\/div>\n\t\t\t\t<div class=\"elementor-cta__bg-overlay\"><\/div>\n\t\t\t<\/div>\n\t\t\t\t\t\t\t<div class=\"elementor-cta__content\">\n\t\t\t\t\n\t\t\t\t\t\t\t\t\t<h2 class=\"elementor-cta__title elementor-cta__content-item elementor-content-item\">\n\t\t\t\t\t\tNivel Premium\t\t\t\t\t<\/h2>\n\t\t\t\t\n\t\t\t\t\t\t\t\t\t<div class=\"elementor-cta__description elementor-cta__content-item elementor-content-item\">\n\t\t\t\t\t\tPara directores musicales, directores diocesanos y liturgistas\t\t\t\t\t<\/div>\n\t\t\t\t\n\t\t\t\t\t\t\t\t\t<div class=\"elementor-cta__button-wrapper elementor-cta__content-item elementor-content-item\">\n\t\t\t\t\t<a class=\"elementor-cta__button elementor-button elementor-size-\" href=\"https:\/\/npm.org\/es\/premium-membership\/\">\n\t\t\t\t\t\tHaga clic aqu\u00ed\t\t\t\t\t<\/a>\n\t\t\t\t\t<\/div>\n\t\t\t\t\t\t\t<\/div>\n\t\t\t\t\t\t<\/div>\n\t\t\t\t\t\t<\/div>\n\t\t\t\t<\/div>\n\t\t\t\t\t<\/div>\n\t\t<\/div>\n\t\t\t\t\t<\/div>\n\t\t<\/section>\n\t\t\t\t<section class=\"elementor-section elementor-top-section elementor-element elementor-element-e18c164 elementor-section-boxed elementor-section-height-default elementor-section-height-default\" data-id=\"e18c164\" data-element_type=\"section\" data-e-type=\"section\">\n\t\t\t\t\t\t<div class=\"elementor-container elementor-column-gap-default\">\n\t\t\t\t\t<div class=\"elementor-column elementor-col-100 elementor-top-column elementor-element elementor-element-caa4b20\" data-id=\"caa4b20\" data-element_type=\"column\" data-e-type=\"column\">\n\t\t\t<div class=\"elementor-widget-wrap elementor-element-populated\">\n\t\t\t\t\t\t<div class=\"elementor-element elementor-element-52d4df1 elementor-widget elementor-widget-image\" data-id=\"52d4df1\" data-element_type=\"widget\" data-e-type=\"widget\" data-widget_type=\"image.default\">\n\t\t\t\t<div class=\"elementor-widget-container\">\n\t\t\t\t\t\t\t\t\t\t\t\t\t\t\t<img decoding=\"async\" src=\"https:\/\/npm.org\/wp-content\/uploads\/NPM_MembershipBenefits__StandardLevel_Letter.jpg\" title=\"\" alt=\"\" loading=\"lazy\" \/>\t\t\t\t\t\t\t\t\t\t\t\t\t\t\t<\/div>\n\t\t\t\t<\/div>\n\t\t\t\t\t<\/div>\n\t\t<\/div>\n\t\t\t\t\t<\/div>\n\t\t<\/section>\n\t\t\t\t<section class=\"elementor-section elementor-top-section elementor-element elementor-element-9566b91 elementor-section-boxed elementor-section-height-default elementor-section-height-default\" data-id=\"9566b91\" data-element_type=\"section\" data-e-type=\"section\">\n\t\t\t\t\t\t<div class=\"elementor-container elementor-column-gap-default\">\n\t\t\t\t\t<div class=\"elementor-column elementor-col-100 elementor-top-column elementor-element elementor-element-0dd9f5d\" data-id=\"0dd9f5d\" data-element_type=\"column\" data-e-type=\"column\">\n\t\t\t<div class=\"elementor-widget-wrap elementor-element-populated\">\n\t\t\t\t\t\t<div class=\"elementor-element elementor-element-71b4f77 elementor-widget elementor-widget-image\" data-id=\"71b4f77\" data-element_type=\"widget\" data-e-type=\"widget\" data-widget_type=\"image.default\">\n\t\t\t\t<div class=\"elementor-widget-container\">\n\t\t\t\t\t\t\t\t\t\t\t\t\t\t\t\t<a href=\"https:\/\/npm.site-ym.com\/general\/register_member_type.asp?\">\n\t\t\t\t\t\t\t<img fetchpriority=\"high\" decoding=\"async\" width=\"860\" height=\"112\" src=\"https:\/\/npm.org\/wp-content\/uploads\/Join-now-button-Spanish-1.png\" class=\"attachment-large size-large wp-image-15953\" alt=\"\" srcset=\"https:\/\/npm.org\/wp-content\/uploads\/Join-now-button-Spanish-1.png 1920w, https:\/\/npm.org\/wp-content\/uploads\/Join-now-button-Spanish-1-300x39.png 300w, https:\/\/npm.org\/wp-content\/uploads\/Join-now-button-Spanish-1-1024x133.png 1024w, https:\/\/npm.org\/wp-content\/uploads\/Join-now-button-Spanish-1-768x100.png 768w, https:\/\/npm.org\/wp-content\/uploads\/Join-now-button-Spanish-1-1536x200.png 1536w, https:\/\/npm.org\/wp-content\/uploads\/Join-now-button-Spanish-1-16x2.png 16w, https:\/\/npm.org\/wp-content\/uploads\/Join-now-button-Spanish-1-260x34.png 260w\" sizes=\"(max-width: 860px) 100vw, 860px\" \/>\t\t\t\t\t\t\t\t<\/a>\n\t\t\t\t\t\t\t\t\t\t\t\t\t\t\t<\/div>\n\t\t\t\t<\/div>\n\t\t\t\t\t<\/div>\n\t\t<\/div>\n\t\t\t\t\t<\/div>\n\t\t<\/section>\n\t\t\t\t<\/div>","protected":false},"excerpt":{"rendered":"<p>Explore cada tipo de membres\u00eda Seleccione y seleccione niveles Plus (anteriormente b\u00e1sicos) para cl\u00e9rigos, miembros de coros y m\u00e1s Haga clic aqu\u00ed Nivel est\u00e1ndar para organistas, pianistas, directores de coros y m\u00e1s Haga clic aqu\u00ed Nivel premium para directores musicales, directores diocesanos y liturgistas Haga clic aqu\u00ed Aqu\u00ed<\/p>","protected":false},"author":6628,"featured_media":0,"parent":0,"menu_order":0,"comment_status":"closed","ping_status":"closed","template":"","meta":{"_acf_changed":false,"footnotes":""},"class_list":["post-14692","page","type-page","status-publish","hentry"],"acf":[],"_links":{"self":[{"href":"http:\/\/npm.org\/es\/wp-json\/wp\/v2\/pages\/14692"}],"collection":[{"href":"http:\/\/npm.org\/es\/wp-json\/wp\/v2\/pages"}],"about":[{"href":"http:\/\/npm.org\/es\/wp-json\/wp\/v2\/types\/page"}],"author":[{"embeddable":true,"href":"http:\/\/npm.org\/es\/wp-json\/wp\/v2\/users\/6628"}],"replies":[{"embeddable":true,"href":"http:\/\/npm.org\/es\/wp-json\/wp\/v2\/comments?post=14692"}],"version-history":[{"count":33,"href":"http:\/\/npm.org\/es\/wp-json\/wp\/v2\/pages\/14692\/revisions"}],"predecessor-version":[{"id":22860,"href":"http:\/\/npm.org\/es\/wp-json\/wp\/v2\/pages\/14692\/revisions\/22860"}],"wp:attachment":[{"href":"http:\/\/npm.org\/es\/wp-json\/wp\/v2\/media?parent=14692"}],"curies":[{"name":"gracias","href":"https:\/\/api.w.org\/{rel}","templated":true}]}}